{"id":6080,"date":"2023-10-22T01:57:32","date_gmt":"2023-10-22T01:57:32","guid":{"rendered":"https:\/\/virtualintern.com.au\/jobexplore\/?page_id=6080"},"modified":"2024-01-29T02:48:04","modified_gmt":"2024-01-29T02:48:04","slug":"tools","status":"publish","type":"page","link":"https:\/\/virtualintern.com.au\/jobexplore\/tools\/","title":{"rendered":"Tools"},"content":{"rendered":"\n\n\t<h5><strong>Take the next step <\/strong><\/h5>\n<h5><strong>with care-ready tools.<\/strong><\/h5>\n\t\t\t\t<a href=\"https:\/\/www.dewr.gov.au\/jobs-hub\/resources\/resume-tips-and-example-resume\" target=\"_blank\" rel=\"noopener\" itemprop=\"url\">\n\t\t\t\t<img decoding=\"async\" src=\"https:\/\/virtualintern.com.au\/jobexplore\/wp-content\/uploads\/2023\/10\/Job-Explore-Profiles-60.png\" alt=\"Job Explore Profiles (60)\" itemprop=\"image\" height=\"531\" width=\"531\" title=\"Job Explore Profiles (60)\" onerror=\"this.style.display='none'\"  \/>\n\t\t\t\t<\/a>\n<h3><a href=\"https:\/\/www.dewr.gov.au\/jobs-hub\/resources\/resume-tips-and-example-resume\" target=\"_blank\" rel=\"noopener\">Resume Tips<\/a><\/h3>\t\t\n\t\t\t<p>Tips for developing your r\u00e9sum\u00e9 and a generic example of a care and support sector r\u00e9sum\u00e9 with tips on what to include.<\/p>\n\t\t\t<a href=\"https:\/\/www.dewr.gov.au\/jobs-hub\/resources\/resume-tips-and-example-resume\" target=\"_blank\" rel=\"noopener\">\n\t\t\t\t\t\t\tExplore\n\t\t\t\t\t<\/a>\n\t\t\t\t<a href=\"https:\/\/www.dewr.gov.au\/jobs-hub\" target=\"_blank\" rel=\"noopener\" itemprop=\"url\">\n\t\t\t\t<img decoding=\"async\" src=\"https:\/\/virtualintern.com.au\/jobexplore\/wp-content\/uploads\/2023\/10\/Job-Explore-Profiles-61.png\" alt=\"Job Explore Profiles (61)\" itemprop=\"image\" height=\"531\" width=\"531\" title=\"Job Explore Profiles (61)\" onerror=\"this.style.display='none'\"  \/>\n\t\t\t\t<\/a>\n<h3><a href=\"https:\/\/www.dewr.gov.au\/jobs-hub\" target=\"_blank\" rel=\"noopener\">Job Hub<\/a><\/h3>\t\t\n\t\t\t<p>Explore job roles that are waiting for you!<\/p>\n\t\t\t<a href=\"https:\/\/www.dewr.gov.au\/jobs-hub\" target=\"_blank\" rel=\"noopener\">\n\t\t\t\t\t\t\tExplore\n\t\t\t\t\t<\/a>\n\t\t\t\t<a href=\"https:\/\/www.dewr.gov.au\/employment\/finding-job\" target=\"_blank\" rel=\"noopener\" itemprop=\"url\">\n\t\t\t\t<img decoding=\"async\" src=\"https:\/\/virtualintern.com.au\/jobexplore\/wp-content\/uploads\/2023\/10\/Job-Explore-Profiles-62.png\" alt=\"Job Explore Profiles (62)\" itemprop=\"image\" height=\"531\" width=\"531\" title=\"Job Explore Profiles (62)\" onerror=\"this.style.display='none'\"  \/>\n\t\t\t\t<\/a>\n<h3><a href=\"https:\/\/www.dewr.gov.au\/employment\/finding-job\" target=\"_blank\" rel=\"noopener\">Career Finder<\/a><\/h3>\t\t\n\t\t\t<p>If you&#8217;re looking for a job, a career change or guidance, these programs may be able to help you.<\/p>\n\t\t\t<a href=\"https:\/\/www.dewr.gov.au\/employment\/finding-job\" target=\"_blank\" rel=\"noopener\">\n\t\t\t\t\t\t\tExplore\n\t\t\t\t\t<\/a>\n<h3>\n\t\tFinished all your challenges?\n\t<\/h3>\n\t<p>Go to Workforce Australia Online and register for<\/p>\n<p><strong>Ask That &#8211; Health and Care Recruitment Day<\/strong><\/p>\n<p><strong>ACTIVITY\u00a0ID\u00a0 &#8211;\u00a0 100507419<\/strong><\/p>\n\t\t\t<a href=\"https:\/\/www.workforceaustralia.gov.au\/\" target=\"_self\" rel=\"noopener\">\n\t\t\t\t\t\t\tLock in your spot\n\t\t\t\t\t<\/a>\n\n","protected":false},"excerpt":{"rendered":"<p>Take the next step with care-ready tools. Resume Tips Tips  [&#8230;]<\/p>\n","protected":false},"author":10,"featured_media":0,"parent":0,"menu_order":0,"comment_status":"closed","ping_status":"closed","template":"100-width.php","meta":{"_monsterinsights_skip_tracking":false,"_monsterinsights_sitenote_active":false,"_monsterinsights_sitenote_note":"","_monsterinsights_sitenote_category":0,"footnotes":""},"class_list":["post-6080","page","type-page","status-publish","hentry"],"_links":{"self":[{"href":"https:\/\/virtualintern.com.au\/jobexplore\/wp-json\/wp\/v2\/pages\/6080","targetHints":{"allow":["GET"]}}],"collection":[{"href":"https:\/\/virtualintern.com.au\/jobexplore\/wp-json\/wp\/v2\/pages"}],"about":[{"href":"https:\/\/virtualintern.com.au\/jobexplore\/wp-json\/wp\/v2\/types\/page"}],"author":[{"embeddable":true,"href":"https:\/\/virtualintern.com.au\/jobexplore\/wp-json\/wp\/v2\/users\/10"}],"replies":[{"embeddable":true,"href":"https:\/\/virtualintern.com.au\/jobexplore\/wp-json\/wp\/v2\/comments?post=6080"}],"version-history":[{"count":4,"href":"https:\/\/virtualintern.com.au\/jobexplore\/wp-json\/wp\/v2\/pages\/6080\/revisions"}],"predecessor-version":[{"id":6360,"href":"https:\/\/virtualintern.com.au\/jobexplore\/wp-json\/wp\/v2\/pages\/6080\/revisions\/6360"}],"wp:attachment":[{"href":"https:\/\/virtualintern.com.au\/jobexplore\/wp-json\/wp\/v2\/media?parent=6080"}],"curies":[{"name":"wp","href":"https:\/\/api.w.org\/{rel}","templated":true}]}}